{"id":2901,"date":"2014-06-05T07:06:00","date_gmt":"2014-06-05T07:06:00","guid":{"rendered":"http:\/\/wedesignthemes.com\/themes\/spalab\/?page_id=2901"},"modified":"2017-10-24T10:35:40","modified_gmt":"2017-10-24T08:35:40","slug":"referenzen","status":"publish","type":"page","link":"https:\/\/beatecoym.de\/index.php\/referenzen\/","title":{"rendered":"Referenzen"},"content":{"rendered":"<h2>Referenzkunden:<\/h2>\n<div class=\"su-row\"><div class=\"su-column su-column-size-1-3\"><div class=\"su-column-inner su-clearfix\"><strong>Automotive<\/strong><\/p>\n<p><strong>Maschinenbau\/Elektro<\/strong><\/p>\n<p><strong>Banken<\/strong><\/p>\n<p><strong>Versicherungswirtschaft<\/strong><\/p>\n<p><strong>Telekommunikation<\/strong><\/p>\n<p><strong>Nahrungsmittel, Pharma<\/strong><\/p>\n<p><strong>Verwaltung<\/strong><\/p>\n<p><strong>Bildung<\/strong><\/div><\/div>\n<div class=\"su-column su-column-size-2-3\"><div class=\"su-column-inner su-clearfix\"> Audi, VW, Porsche, Skoda, Seat, MAN<\/p>\n<p>Siemens AG, MTU Aero Engines AG, Zwick\/Roell Maschinenbau, ABB<\/p>\n<p>M\u00fcnchener Hypothekenbank e.V.<\/p>\n<p>Allianz AG, WWK Versicherungen AG, HUK Coburg, AOK<\/p>\n<p>Deutsche Telekom AG, Arrow ECS GmbH<\/p>\n<p>Hipp GmbH, VION Food Group, Servier Deutschland GmbH<\/p>\n<p>Messe M\u00fcnchen, Stadt M\u00fcnchen, Stadt Leonberg, Stadt Dingolfing<\/p>\n<p>KnowHow AG, soluzione Lernwelt GmbH, ComCenter, cpt Training, Integrata AG<\/div><\/div><\/div>\n<img class=\"aligncenter\" src=\"https:\/\/beatecoym.de\/wp-content\/uploads\/2017\/09\/logos_referenzen.jpg\" alt=\"Referenzkunden Beate Coym\" \/>\n<p>&nbsp;<\/p>\n<h2 class='hr-title'><span>Kundenfeedback<\/span><\/h2>\n<div class='dt-sc-hr-invisible-small  '><\/div> <div class=\"dt-sc-clear\"><\/div><div class='dt-sc-testimonial '><div class='author'><img src='https:\/\/beatecoym.de\/wp-content\/uploads\/2017\/09\/referenz_icon.jpg' alt='<span>, DV-COM GmbH<\/span>' title=' E. Gretschel' \/><\/div><blockquote>\"<q>Frau Coym trainierte bei uns das Telekom CRM System von Siebel. Die Seminare waren immer kurzweilig und informativ. Besonders der Umgang mit den Seminarteilnehmern zeichnen Sie besonders aus. Das zeigen auch die hervorragenden Feedbacks der Teilnehmer.<\/q>\"<\/blockquote><cite> -  E. Gretschel<span>, DV-COM GmbH<\/span><\/cite><\/div>\n<div class='dt-sc-testimonial '><div class='author'><img src='https:\/\/beatecoym.de\/wp-content\/uploads\/2017\/09\/referenz_icon.jpg' alt='<span>, Schr\u00f6der AH<\/span>' title=' K. Schr\u00f6der' \/><\/div><blockquote>\"<q>Zur Umstellung auf das CROSS Dealer Management System f\u00fchrte Frau Coym mehrere Seminare f\u00fcr den Servicebereich in unserem Autohaus durch. Fachlich kompetent, vermittelte Sie den Mitarbeitern die Servicekernprozesse des neuen DMS-Systems.<\/q>\"<\/blockquote><cite> -  K. Schr\u00f6der<span>, Schr\u00f6der AH<\/span><\/cite><\/div>\n<div class='dt-sc-testimonial '><div class='author'><img src='https:\/\/beatecoym.de\/wp-content\/uploads\/2017\/09\/referenz_icon.jpg' alt='<span>, MAN AG<\/span>' title=' M. Zimmermann' \/><\/div><blockquote>\"<q>Sehr gut durchgef\u00fchrtes und strukturiertes Excel Aufbau Seminar. Frau Coym konnte auch schwierige Formeln anschaulich erkl\u00e4ren. Besonders gefielen mir die vielseitigen Einsatzm\u00f6glichkeiten von Pivot-Tabellen. Jetzt kann ich diese auch endlich im Arbeitsalltag einsetzen und viel Zeit einsparen. Ich kann Frau Coym und das Excel Aufbau Seminar jederzeit mit bestem Gewissen weiter empfehlen!<\/q>\"<\/blockquote><cite> -  M. Zimmermann<span>, MAN AG<\/span><\/cite><\/div>\n<div class='dt-sc-testimonial '><div class='author'><img src='https:\/\/beatecoym.de\/wp-content\/uploads\/2017\/09\/referenz_icon.jpg' alt='<span>, M\u00fcnchner Hypothekenbank eG<\/span>' title=' H. Bayerl' \/><\/div><blockquote>\"<q>Frau Coym hat einen ausgezeichneten Job gemacht beim Umstieg auf Office 2013. Beginnend von der Trainingskonzeption, der Erstellung von Handouts, bis zur Pr\u00e4sentation der Neuerungen in den einzelnen Informationsveranstaltungen. Vielen Dank!<\/q>\"<\/blockquote><cite> -  H. Bayerl<span>, M\u00fcnchner Hypothekenbank eG<\/span><\/cite><\/div>\n","protected":false},"excerpt":{"rendered":"<p>Referenzkunden: &nbsp;<\/p>\n","protected":false},"author":1,"featured_media":0,"parent":0,"menu_order":0,"comment_status":"open","ping_status":"open","template":"","meta":[],"_links":{"self":[{"href":"https:\/\/beatecoym.de\/index.php\/wp-json\/wp\/v2\/pages\/2901"}],"collection":[{"href":"https:\/\/beatecoym.de\/index.php\/wp-json\/wp\/v2\/pages"}],"about":[{"href":"https:\/\/beatecoym.de\/index.php\/wp-json\/wp\/v2\/types\/page"}],"author":[{"embeddable":true,"href":"https:\/\/beatecoym.de\/index.php\/wp-json\/wp\/v2\/users\/1"}],"replies":[{"embeddable":true,"href":"https:\/\/beatecoym.de\/index.php\/wp-json\/wp\/v2\/comments?post=2901"}],"version-history":[{"count":30,"href":"https:\/\/beatecoym.de\/index.php\/wp-json\/wp\/v2\/pages\/2901\/revisions"}],"predecessor-version":[{"id":5973,"href":"https:\/\/beatecoym.de\/index.php\/wp-json\/wp\/v2\/pages\/2901\/revisions\/5973"}],"wp:attachment":[{"href":"https:\/\/beatecoym.de\/index.php\/wp-json\/wp\/v2\/media?parent=2901"}],"curies":[{"name":"wp","href":"https:\/\/api.w.org\/{rel}","templated":true}]}}