{"id":5313,"date":"2015-09-08T07:12:41","date_gmt":"2015-09-08T07:12:41","guid":{"rendered":"http:\/\/wedesignthemes.com\/themes\/spalab\/?page_id=5313"},"modified":"2017-10-24T10:42:40","modified_gmt":"2017-10-24T08:42:40","slug":"leistungen","status":"publish","type":"page","link":"https:\/\/beatecoym.de\/index.php\/leistungen\/","title":{"rendered":"Leistungen"},"content":{"rendered":"<div class='dt-sc-hr-invisible  '><\/div><div class='fullwidth-section  '  style=\"background-repeat:no-repeat;background-position:left top;padding-top:25px;padding-bottom:60px;\">  <div class=\"fullwidth-bg\">\t<div class=\"container\"><div  class='column dt-sc-one-fourth  first'><div class='dt-sc-ico-content  type5'><div class='icon'> <span class='fa fa-desktop'> <\/span> <\/div><h5><a href='#' target=''> IT-Training <\/a><\/h5><p>Professionelle Trainings rund um<\/p>\n<p>MS-Office und CRM<\/p><\/div><\/div>\n<div  class='column dt-sc-one-fourth  '><div class='dt-sc-ico-content  type5'><div class='icon'> <span class='fa fa-car'> <\/span> <\/div><h5><a href='#' target=''> Automotive Trainings <\/a><\/h5><p>Seminare und Trainings im automotiven Umfeld<\/p><\/div><\/div>\n<div  class='column dt-sc-one-fourth  '><div class='dt-sc-ico-content  type5'><div class='icon'> <span class='fa fa-comments-o'> <\/span> <\/div><h5><a href='#' target=''> Coaching &amp; Softskills <\/a><\/h5><p>Pers\u00f6nlichkeitstrainings und Kommunikationstrainings<\/p><\/div><\/div>\n<div  class='column dt-sc-one-fourth  '><div class='dt-sc-ico-content  type5'><div class='icon'> <span class='fa fa-file-text-o'> <\/span> <\/div><h5><a href='#' target=''> Dokumentation <\/a><\/h5><p>begleitende Schulungsunterlagen und Handouts<\/p><\/div><\/div>\n<div class=\"dt-sc-clear\"><\/div>\t<\/div>  <\/div><\/div>\n<div class='dt-sc-tabs-container'><ul class=\"dt-sc-tabs-frame\"><li><a href=\"#\">IT Training<\/a><\/li><li><a href=\"#\">Automotive Trainings<\/a><\/li><li><a href=\"#\">Coaching &amp; Softskills<\/a><\/li><li><a href=\"#\">Dokumentationen<\/a><\/li><\/ul><div class=\"dt-sc-tabs-frame-content\"><h1><i class=\"fa fa-desktop\" aria-hidden=\"true\"> IT Trainings<\/i><\/h1>\n<p><strong>Professionelle Trainings rund um Office-Programme und CRM<\/strong><\/p>\n<h2>Praxisorientierte Anwenderschulungen f\u00fcr folgende Office Programme:<\/h2>\n<ul>\n<li>Word, Excel , Outlook, PowerPoint, Access von Release 2010 bis 2016<\/li>\n<li>OpenOffice, Libre Office<\/li>\n<li>Windows<\/li>\n<li>Siebel CRM<\/li>\n<\/ul>\n<blockquote><p>Ich helfe Ihnen mit den Office Programmen besser zu arbeiten, Ihre Aufgaben um 20% schneller zu erledigen und mindestens 15% Ihrer Arbeit zu automatisieren.<\/p><\/blockquote>\n<p>&nbsp;<\/p>\n<h3>Sie werden in Zukunft&#8230;<\/h3>\n<div class=\"su-row\"><div class=\"su-column su-column-size-1-2\"><div class=\"su-column-inner su-clearfix\"><b>in Excel<\/b>\n<ul class='dt-sc-fancy-list   tick'>\n<li>sicher mit Formeln umgehen um Zeit zu sparen<\/li>\n<li>bequem und einfach Pivot-Tabellen erstellen<\/li>\n<li>schneller Daten von komplexen Tabellen analysieren<\/li>\n<\/ul>\n<b>in Outlook<\/b>\n<ul class='dt-sc-fancy-list   tick'>\n<li>keine Termine mehr verpassen<\/li>\n<li>automatisch delegieren mit Outlook<\/li>\n<li>schnelle M\u00f6glichkeiten kennen, um Ihr Postfach gezielt aufzur\u00e4umen<\/li>\n<\/ul>\n<\/div><\/div>\n<div class=\"su-column su-column-size-1-2\"><div class=\"su-column-inner su-clearfix\"><strong>in PowerPoint<\/strong>\n<ul class='dt-sc-fancy-list   tick'>\n<li>andere mit Ihrer Pr\u00e4sentation \u00fcberzeugen<\/li>\n<li>n\u00fctzliche Methoden zur Erstellung von Folien kennen<\/li>\n<li>mit Diagrammen Daten anschaulich pr\u00e4sentieren<\/li>\n<\/ul>\n<strong>in Word<\/strong>\n<ul class='dt-sc-fancy-list   tick'>\n<li>nicht nur als Schreibprogramm nutzen<\/li>\n<li>n\u00fctzliche Serienbrieffunktionen kennen<\/li>\n<li>eigene Formulare ganz entspannt entwickeln<\/li>\n<\/ul>\n<\/div><\/div><\/div>\n<p>&nbsp;<\/p>\n<h3>Ich biete<\/h3>\n<ul>\n<li>Standardseminare f\u00fcr Anf\u00e4nger und Fortgeschrittene<\/li>\n<li>individuelle, ma\u00dfgeschneiderte Seminare auf Ihr Unternehmen ausgerichtet<\/li>\n<li>Umsteigerseminare bei Releasewechsel<\/li>\n<li>Microtraining (zertifizierter Micro-Trainer) <a href=\"http:\/\/www.microtraining.de\" target=\"_blank\" rel=\"noopener\">www.microtraining.de<\/a><\/li>\n<li>E-Learning, Webinare<\/li>\n<li>Erstellung von Schulungsunterlagen, Handouts und Dokumentationen<\/li>\n<\/ul>\n<p>&nbsp;<\/p>\n<blockquote><p>Sie erlernen das, was Sie ben\u00f6tigen, um Ihre Aufgaben schneller und sicherer zu erledigen.<\/p><\/blockquote>\n<p>&nbsp;<\/p>\n<p><em>Interessiert?<\/em> Vereinbaren Sie ein unverbindliches Erstgespr\u00e4ch. Sie erreichen mich unter der Telefonnummer: <span style=\"color: #ff7f50;\">+49 177 66 81 751<\/span> oder schreiben Sie eine E-Mail an <a href=\"mailto:info@beatecoym.de\">info@beatecoym.de<\/a>.<\/div><div class=\"dt-sc-tabs-frame-content\"><h1><i class=\"fa fa-car\" aria-hidden=\"true\"> Automotive Trainings<\/i><\/h1>\n<p><strong>Seminare und Trainings im automotiven Umfeld insbesondere im After Sales<\/strong><\/p>\n<p>Meine ersten Erfahrungen sammelte ich in der Automotiven Umgebung in meiner Ausbildung zur Gro\u00df- und Einzelhandelskauffrau in einem Bosch Gro\u00dfhandel. Nach meinem Wechsel in die IT bin ich seit 2009 wieder zu den Wurzeln zur\u00fcckgekehrt und betreue, coache und trainiere im automotiven Umfeld insbesondere im Volkswagen Konzern im Bereich After Sales, folgende Programme:<\/p>\n<ul>\n<li>CROSS Dealer Management System<\/li>\n<li>ETKA Teilekatalog, partslink24 von LEXCOM<\/li>\n<li>Audi CRM &#8222;match&#8220; \u2013 Schulungskonzeption zum Rollout<\/li>\n<li>ODIS (Offboard Diagnostic Information System)<\/li>\n<\/ul>\n<p>&nbsp;<\/p>\n<p>Mein Ziel ist es, <b>Wissen zu vermitteln durch eine offene und attraktive Schulungsweise<\/b>. Alle Teilnehmer werden gem\u00e4\u00df ihrer Vorkenntnisse, gezielt unterst\u00fctzt. So erschlie\u00dfen sich viele Funktionen und Arbeitsweisen erst im Rahmen einer Schulung. Kniffe und Sonderfunktionen werden in den Schulungen vermittelt, um das DMS optimal nutzen zu k\u00f6nnen. Durch <i>meine 25-j\u00e4hrige Trainingserfahrung<\/i> und vielen durchgef\u00fchrten Seminaren verf\u00fcge ich \u00fcber ein fundiertes Fachwissen und ein umfassendes automotives Branchenverst\u00e4ndnis.<\/p>\n<p>&nbsp;<\/p>\n<blockquote><p>Lernen ist wie Rudern gegen den Strom. Sobald man aufh\u00f6rt, treibt man zur\u00fcck.\n<em>&#8211; Benjamin Britten<\/em><\/p><\/blockquote>\n<p>&nbsp;<\/p>\n<h2>Ich biete Ihnen:<\/h2>\n<ul>\n<li>Inhouse Seminare<\/li>\n<li>Seminare in konzerneigenen Trainingscentern<\/li>\n<li>Seminare nach dem Servicekernprozess<\/li>\n<li>individuelle, ma\u00dfgeschneiderte Seminare auf Ihr Unternehmen ausgerichtet<\/li>\n<li>Erstellung von Schulungsunterlagen, Handouts und Dokumentationen<\/li>\n<\/ul><\/div><div class=\"dt-sc-tabs-frame-content\"><h1><i class=\"fa fa-comments-o\" aria-hidden=\"true\"> Coaching &amp; Softskills<\/i><\/h1>\n<p><strong>Beratung und Coaching, Pers\u00f6nlichkeitstrainings- und Kommunikationstrainings<\/strong><\/p>\n<p>Sie haben keine Zeit Ihre Vortr\u00e4ge selbst zu erstellen, zu \u00fcberarbeiten oder w\u00fcnschen sich individuelle Unterst\u00fctzung? Ihnen fehlen die Ideen f\u00fcr Ihre Pr\u00e4sentation oder Sie wissen nicht, wie Sie Ihre Einf\u00e4lle umsetzen k\u00f6nnen? Stimmt Ihre K\u00f6rpersprache und Stimme? Ich erstelle und erarbeite mit Ihnen den ber\u00fchmten roten Faden, gebe Ihnen Tipps zum Ablauf, trainiere mit Ihnen und gebe Ihnen Ratschl\u00e4ge zum Outfit.<\/p>\n<p><i>Wissen Sie, wie Sie auf andere wirken?<\/i> Und entspricht Ihre Au\u00dfenwirkung Ihrem Potential, Ihren Erfahrungen und Kompetenzen? Sind Sie so erfolgreich und gleichzeitig so zufrieden, wie Sie sein k\u00f6nnten?<\/p>\n<p><b>Updaten Sie durch Coaching Ihre Performance!<\/b> <strong>Erweitern Sie Ihre kommunikativen F\u00e4higkeiten. Sch\u00e4rfen Sie Ihr Profil durch ein sicheres Auftreten und die \u00fcberzeugende Pr\u00e4sentation Ihrer Pers\u00f6nlichkeit.<\/strong><\/p>\n<ul class='dt-sc-fancy-list   tick'>\n<li>Sicher und professionell Pr\u00e4sentieren<\/li>\n<li>Der erste Eindruck z\u00e4hlt<\/li>\n<li>Sicheres Auftreten<\/li>\n<li>Professioneller Umgang mit Medien und Werkzeugen<\/li>\n<li>Kommunikation \u2013 Reden und \u00fcberzeugen<\/li>\n<li>Train the Trainer<\/li>\n<\/ul>\n<p>&nbsp;<\/p>\n<blockquote><p>Willst du etwas wissen, so frage einen Erfahrenen und keinen Gelehrten.\n<em>&#8211; Chinesisches Sprichwort<\/em><\/p><\/blockquote>\n<p>&nbsp;<\/p>\n<p>&nbsp;<\/p>\n<h2>W\u00e4hlen Sie&#8230;<\/h2>\n<ul>\n<li>Einzelcoaching<\/li>\n<li>Inhouse Seminare<\/li>\n<li>individuelle, ma\u00dfgeschneiderte Seminare auf Ihre Person, bzw. Ihr Unternehmen ausgerichtet<\/li>\n<li>Microtraining (zertifizierte Microtrainerin) <a href=\"http:\/\/www.mictrotraining.de\" target=\"_blank\" rel=\"noopener\">www.mictrotraining.de<\/a><\/li>\n<\/ul><\/div><div class=\"dt-sc-tabs-frame-content\"><h1><i class=\"fa fa-file-text-o\" aria-hidden=\"true\"> Dokumentationen<\/i><\/h1>\n<p><strong>Begleitende Schulungsunterlagen und Handouts<\/strong><\/p>\n<p>In den letzten Jahren erstellte ich u.a. f\u00fcr den Releasewechsel auf Office 2010 und 2013 Lernkonzepte, Schulungsunterlagen, Handouts, \u00dcbungsaufgaben und Inhalte f\u00fcr Web basierte Seminare. In Zusammenarbeit mit der <strong>Audi AG<\/strong> entwickelte ich u.a. ein <strong>Lernkonzept zur Einf\u00fchrung eines neuen CRM-Systems<\/strong>. Erstellung von diversen Kapiteln f\u00fcr die \u201esoluzione Lernwelt &amp; Autopilot\u201c f\u00fcr Microsoft 2010 und 2013.<\/p>\n<p>&nbsp;<\/p>\n<h2>Ich entwickle und erstelle Dokumentationen f\u00fcr Ihre individuellen Seminare:<\/h2>\n<ul>\n<li>Technische Dokumentationen, Schulungsunterlagen und Handouts (z. B.: Microsoft Office 2010, 2013)<\/li>\n<li>Erstellung von Lernkonzepten (f\u00fcr Audi CRM &#8222;match&#8220;, Stadt M\u00fcnchen, etc.)<\/li>\n<li>Erstellung von Firmen Pr\u00e4sentationen<\/li>\n<\/ul>\n<p><strong><a href=\"https:\/\/beatecoym.de\/index.php\/kontakt\/\" target=\"_blank\" rel=\"noopener\">Kontaktieren Sie mich! <\/a>\nNach Ihren W\u00fcnschen erarbeite ich mit Ihnen zusammen die passenden Unterlagen.<\/strong><\/div><\/div><div  class='column dt-sc-one-third  '><\/div>\n","protected":false},"excerpt":{"rendered":"","protected":false},"author":1,"featured_media":0,"parent":0,"menu_order":0,"comment_status":"closed","ping_status":"closed","template":"","meta":[],"_links":{"self":[{"href":"https:\/\/beatecoym.de\/index.php\/wp-json\/wp\/v2\/pages\/5313"}],"collection":[{"href":"https:\/\/beatecoym.de\/index.php\/wp-json\/wp\/v2\/pages"}],"about":[{"href":"https:\/\/beatecoym.de\/index.php\/wp-json\/wp\/v2\/types\/page"}],"author":[{"embeddable":true,"href":"https:\/\/beatecoym.de\/index.php\/wp-json\/wp\/v2\/users\/1"}],"replies":[{"embeddable":true,"href":"https:\/\/beatecoym.de\/index.php\/wp-json\/wp\/v2\/comments?post=5313"}],"version-history":[{"count":35,"href":"https:\/\/beatecoym.de\/index.php\/wp-json\/wp\/v2\/pages\/5313\/revisions"}],"predecessor-version":[{"id":5975,"href":"https:\/\/beatecoym.de\/index.php\/wp-json\/wp\/v2\/pages\/5313\/revisions\/5975"}],"wp:attachment":[{"href":"https:\/\/beatecoym.de\/index.php\/wp-json\/wp\/v2\/media?parent=5313"}],"curies":[{"name":"wp","href":"https:\/\/api.w.org\/{rel}","templated":true}]}}