{"id":5847,"date":"2017-03-25T13:02:50","date_gmt":"2017-03-25T12:02:50","guid":{"rendered":"http:\/\/designtreasures.de\/beatecoym\/wordpress\/?page_id=5847"},"modified":"2017-10-24T10:40:48","modified_gmt":"2017-10-24T08:40:48","slug":"ueber-mich","status":"publish","type":"page","link":"https:\/\/beatecoym.de\/index.php\/ueber-mich\/","title":{"rendered":"\u00dcber mich"},"content":{"rendered":"<h1>Lebenslauf<\/h1>\n<h3>Sch\u00f6n, das Sie da sind!<\/h3>\n<p><img loading=\"lazy\" class=\"alignleft size-medium wp-image-5828\" src=\"https:\/\/beatecoym.de\/wp-content\/uploads\/2017\/03\/beate_coym_fotol-225x300.png\" alt=\"Beate Coym\" width=\"225\" height=\"300\" srcset=\"https:\/\/beatecoym.de\/wp-content\/uploads\/2017\/03\/beate_coym_fotol-225x300.png 225w, https:\/\/beatecoym.de\/wp-content\/uploads\/2017\/03\/beate_coym_fotol.png 709w\" sizes=\"(max-width: 225px) 100vw, 225px\" \/>Seit \u00fcber 20 Jahren <strong>trainiere und berate ich als selbst\u00e4ndige Trainerin<\/strong> erfolgreich Firmen und Unternehmen im Bereich<br \/>\nIT- und Kommunikationstraining. Ich halte Seminare, Vortr\u00e4ge und gebe Coachings f\u00fcr Mitarbeiter und F\u00fchrungskr\u00e4fte. Mein umfangreiches Know-How, das ich mir als Trainerin und Beraterin in vielen Jahren angeeignet habe, hilft mir, mich in die Welt meiner Kunden gut hineinzuversetzen.<br \/>\nDieses Wissen nutze ich, um komplexe Sachverhalte in kurzer Zeit kompakt zu schulen und kundenspezifische L\u00f6sungen zu erarbeiten.<\/p>\n<p>In den letzten Jahren trainierte ich in vielen Autoh\u00e4user der <strong>Marken Audi, VW, Skoda, Seat und Porsche, im After Sales Umfeld<\/strong> die Einf\u00fchrung des neuen <strong>Dealer Management Systems <em>CROSS<\/em><\/strong> und des <strong>Teilekataloges ETKA<\/strong> der <strong>Volkswagen AG<\/strong>.<br \/>\nZu meinen Aufgaben geh\u00f6rt es, KeyUsern, F\u00fchrungskr\u00e4ften und Mitarbeitern den Umgang mit dem neuen Programm zu schulen, sie zu beraten und L\u00f6sungen im Servicekernprozess aufzuzeigen.<\/p>\n<p>Zuvor betreute und schulte ich in vielen gro\u00dfen Konzernen die Einf\u00fchrung bzw. Umstellung auf Microsoft Office 2010\/13 und Windows 7 u. 10. Unter anderem bei der <strong>WWK Versicherung, MAN Truck &amp; Bus, MTU Aero Engines, MBB, M\u00fcnchener Hypothekenbank, Hipp AG, AOK u.v.m.<\/strong><\/p>\n<p>&nbsp;<\/p>\n<p>&nbsp;<\/p>\n<p><strong>Meine Aufgaben umfassten:<\/strong><\/p>\n<p><span style=\"color: #464646;\">\u2981\u00a0\u00a0\u00a0 Durchf\u00fchren von Infoveranstaltungen, auch in Doppelmoderation, Pr\u00e4senztrainings, Coachings am Arbeitsplatz, sowie Web basierte Seminare<\/span><br \/>\n<span style=\"color: #464646;\"> \u2981\u00a0\u00a0 \u00a0individuelle Schulungskonzeptionen erarbeiten, Erstellung von Schulungsunterlagen und Handouts<\/span><br \/>\n<span style=\"color: #464646;\"> \u2981\u00a0\u00a0 \u00a0Lernkonzepterstellung f\u00fcr die \u201esoluzione script GmbH\u201c f\u00fcr Office 2010 und 2013<\/span><br \/>\n<span style=\"color: #464646;\"> \u2981\u00a0\u00a0 \u00a0Entwicklung eines eLearning-Konzeptes zur Umstellung der Stadt M\u00fcnchen auf Linux und Open Office<\/span><br \/>\n<span style=\"color: #464646;\"> \u2981\u00a0\u00a0\u00a0 Referent in der Aus- und Weiterbildung f\u00fcr Auszubildende bei der WWK Versicherung<\/span><\/p>\n<p>&nbsp;<\/p>\n<p>Von 2006 \u2013 2012 trainierte und coachte ich f\u00fcr die <strong>Telekom AG<\/strong> Mitarbeiter und Mitarbeiter in Callcentern, ein neues <strong>Siebel CRM-System<\/strong>, sowohl am Arbeitsplatz als auch am Point of Sales. F\u00fcr die <strong>Allianz AG<\/strong>\u00a0 war ich zum Rollout des neuen <strong>Allianz Business Systems<\/strong> von 2010 bis 2012 t\u00e4tig. Meine Aufgaben umfassten, das neue System und die neuen Prozessabl\u00e4ufe zu schulen, Seminarunterlagen zu erstellen und Pr\u00e4sentationen f\u00fcr die Seminare zu entwickeln.<\/p>\n<p>Neben dem IT-Training, f\u00fchre ich Pers\u00f6nlichkeits- und Kommunikationstrainings durch.<\/p>\n<p><strong>Durch meine vielen Erfahrungen im Umgang mit Menschen, berate und coache ich Sie gerne in Ihrem Arbeitsumfeld und in Ihrer pers\u00f6nlichen Entwicklung. Ob Pr\u00e4sentationstrainings \u201eWie pr\u00e4sentiere ich perfekt!\u201c oder Pers\u00f6nlichkeitstraining \u201eWie wirke ich auf mein Umfeld?\u201c.<\/strong><\/p>\n","protected":false},"excerpt":{"rendered":"<p>Lebenslauf Sch\u00f6n, das Sie da sind! Seit \u00fcber 20 Jahren trainiere und berate ich als selbst\u00e4ndige Trainerin erfolgreich Firmen und Unternehmen im Bereich IT- und Kommunikationstraining. Ich halte Seminare, Vortr\u00e4ge und gebe Coachings f\u00fcr Mitarbeiter und F\u00fchrungskr\u00e4fte. Mein umfangreiches Know-How, das ich mir als Trainerin und Beraterin in vielen Jahren angeeignet habe, hilft mir, mich [&hellip;]<\/p>\n","protected":false},"author":1,"featured_media":0,"parent":0,"menu_order":0,"comment_status":"closed","ping_status":"closed","template":"","meta":[],"_links":{"self":[{"href":"https:\/\/beatecoym.de\/index.php\/wp-json\/wp\/v2\/pages\/5847"}],"collection":[{"href":"https:\/\/beatecoym.de\/index.php\/wp-json\/wp\/v2\/pages"}],"about":[{"href":"https:\/\/beatecoym.de\/index.php\/wp-json\/wp\/v2\/types\/page"}],"author":[{"embeddable":true,"href":"https:\/\/beatecoym.de\/index.php\/wp-json\/wp\/v2\/users\/1"}],"replies":[{"embeddable":true,"href":"https:\/\/beatecoym.de\/index.php\/wp-json\/wp\/v2\/comments?post=5847"}],"version-history":[{"count":11,"href":"https:\/\/beatecoym.de\/index.php\/wp-json\/wp\/v2\/pages\/5847\/revisions"}],"predecessor-version":[{"id":5976,"href":"https:\/\/beatecoym.de\/index.php\/wp-json\/wp\/v2\/pages\/5847\/revisions\/5976"}],"wp:attachment":[{"href":"https:\/\/beatecoym.de\/index.php\/wp-json\/wp\/v2\/media?parent=5847"}],"curies":[{"name":"wp","href":"https:\/\/api.w.org\/{rel}","templated":true}]}}