{"id":5854,"date":"2017-03-25T13:11:11","date_gmt":"2017-03-25T12:11:11","guid":{"rendered":"http:\/\/designtreasures.de\/beatecoym\/wordpress\/?page_id=5854"},"modified":"2017-03-25T13:39:01","modified_gmt":"2017-03-25T12:39:01","slug":"datenschutzerklaerung","status":"publish","type":"page","link":"https:\/\/beatecoym.de\/index.php\/datenschutzerklaerung\/","title":{"rendered":"Datenschutzerkl\u00e4rung"},"content":{"rendered":"<h2>Datenschutz<\/h2>\n<p>Die Betreiber dieser Seiten nehmen den Schutz Ihrer pers\u00f6nlichen Daten sehr ernst. Wir behandeln Ihre personenbezogenen Daten vertraulich und entsprechend der gesetzlichen<br \/>\nDatenschutzvorschriften sowie dieser Datenschutzerkl\u00e4rung.<\/p>\n<p>Die Nutzung unserer Webseite ist in der Regel ohne Angabe personenbezogener Daten m\u00f6glich. Soweit auf unseren Seiten<br \/>\npersonenbezogene Daten (beispielsweise Name, Anschrift oder E-Mail-Adressen) erhoben werden, erfolgt dies, soweit m\u00f6glich, stets auf freiwilliger Basis. Diese Daten werden ohne Ihre ausdr\u00fcckliche Zustimmung nicht an Dritte weitergegeben.<\/p>\n<p>Wir weisen darauf hin, dass die Daten\u00fcbertragung im Internet (z.B. bei der Kommunikation per E-Mail) Sicherheitsl\u00fccken aufweisen kann. Ein l\u00fcckenloser Schutz der Daten vor dem Zugriff durch Dritte ist nicht m\u00f6glich.<\/p>\n<p>&nbsp;<\/p>\n<h2>Cookies<\/h2>\n<p>Die Internetseiten verwenden teilweise so genannte Cookies. Cookies richten auf Ihrem Rechner keinen Schaden an und enthalten keine Viren. Cookies dienen dazu, unser Angebot nutzerfreundlicher, effektiver und sicherer zu machen. Cookies sind kleine Textdateien, die auf Ihrem Rechner abgelegt werden und die Ihr Browser speichert.<\/p>\n<p>Die meisten der von uns verwendeten Cookies sind so genannte \u201eSession-Cookies\u201c. Sie werden nach Ende Ihres Besuchs automatisch gel\u00f6scht. Andere Cookies bleiben auf Ihrem Endger\u00e4t<br \/>\ngespeichert, bis Sie diese l\u00f6schen. Diese Cookies erm\u00f6glichen es uns, Ihren Browser beim n\u00e4chsten Besuch wiederzuerkennen.<\/p>\n<p>Sie k\u00f6nnen Ihren Browser so einstellen, dass Sie \u00fcber das Setzen von Cookies informiert werden und Cookies nur im Einzelfall erlauben, die Annahme von Cookies f\u00fcr bestimmte F\u00e4lle oder generell ausschlie\u00dfen sowie das automatische L\u00f6schen der Cookies beim Schlie\u00dfen des Browser aktivieren. Bei der Deaktivierung von Cookies kann die Funktionalit\u00e4t dieser Website eingeschr\u00e4nkt sein.<\/p>\n<p>&nbsp;<\/p>\n<h2>Datenschutzerkl\u00e4rung f\u00fcr die Nutzung von etracker<\/h2>\n<p>Unsere Webseite nutzt den Analysedienst etracker. Anbieter ist die etracker GmbH, Erste Brunnenstra\u00dfe 1, 20459 Hamburg Germany.<br \/>\nAus den Daten k\u00f6nnen unter einem Pseudonym Nutzungsprofile erstellt werden. Dazu k\u00f6nnen Cookies eingesetzt werden. Bei Cookies handelt es sich um kleine Textdateien, die lokal im Zwischenspeicher Ihres Internet-Browsers gespeichert werden. Die Cookies erm\u00f6glichen es, Ihren Browser wieder zu erkennen. Die mit den etracker-Technologien erhobenen Daten werden ohne die gesondert erteilte Zustimmung des Betroffenen nicht genutzt, Besucher unserer Website pers\u00f6nlich zu identifizieren und werden nicht mit personenbezogenen Daten \u00fcber den Tr\u00e4ger des Pseudonyms zusammengef\u00fchrt.<\/p>\n<p>Der Datenerhebung und -speicherung k\u00f6nnen Sie jederzeit mit Wirkung f\u00fcr die Zukunft widersprechen.<br \/>\nUm einer Datenerhebung und -speicherung Ihrer Besucherdaten f\u00fcr die Zukunft zu widersprechen, k\u00f6nnen Sie unter nachfolgendem Link ein Opt-Out-Cookie von etracker beziehen, dieser bewirkt, dass zuk\u00fcnftig keine Besucherdaten Ihres Browsers bei etracker erhoben und gespeichert werden: <a href=\"http:\/\/www.etracker.de\/privacy?et=V23Jbb\">http:\/\/www.etracker.de\/privacy?et=V23Jbb<\/a><\/p>\n<p>Dadurch wird ein Opt-Out-Cookie mit dem Namen &#8222;cntcookie&#8220; von etracker gesetzt. Bitte l\u00f6schen Sie diesen Cookie nicht, solange Sie Ihren Widerspruch aufrecht erhalten m\u00f6chten. Weitere Informationen finden Sie in den Datenschutzbestimmungen von etracker: <a href=\"http:\/\/www.etracker.com\/de\/datenschutz.html\">http:\/\/www.etracker.com\/de\/datenschutz.html<\/a><\/p>\n<p>&nbsp;<\/p>\n<h2>Datenschutzerkl\u00e4rung f\u00fcr die Nutzung von XING<\/h2>\n<p>Unsere Webseite nutzt Funktionen des Netzwerks XING. Anbieter ist die XING AG, Dammtorstra\u00dfe 29-32, 20354 Hamburg, Deutschland. Bei jedem Abruf einer unserer Seiten, die Funktionen von XING enth\u00e4lt, wird eine Verbindung zu Servern von XING hergestellt. Eine Speicherung von personenbezogenen Daten erfolgt dabei nach unserer Kenntnis nicht.<br \/>\nInsbesondere werden keine IP-Adressen gespeichert oder das Nutzungsverhalten ausgewertet.<\/p>\n<p>Weitere Information zum Datenschutz und dem XING Share-Button finden Sie in der Datenschutzerkl\u00e4rung von XING unter <a href=\"https:\/\/www.xing.com\/app\/share?op=data_protection\">https:\/\/www.xing.com\/app\/share?op=data_protection<\/a><\/p>\n<p>&nbsp;<\/p>\n<h2>SSL-Verschl\u00fcsselung<\/h2>\n<p>Diese Seite nutzt aus Gr\u00fcnden der Sicherheit und zum Schutz der \u00dcbertragung vertraulicher Inhalte, wie zum Beispiel der Anfragen, die Sie an uns als Seitenbetreiber senden, eine SSL-Verschl\u00fcsselung. Eine verschl\u00fcsselte Verbindung erkennen Sie daran, dass die Adresszeile des Browsers von &#8222;http:\/\/&#8220; auf &#8222;https:\/\/&#8220; wechselt und an dem Schloss-Symbol in Ihrer Browserzeile.<\/p>\n<p>Wenn die SSL Verschl\u00fcsselung aktiviert ist, k\u00f6nnen die Daten, die Sie an uns \u00fcbermitteln, nicht von Dritten mitgelesen werden.<\/p>\n","protected":false},"excerpt":{"rendered":"<p>Datenschutz Die Betreiber dieser Seiten nehmen den Schutz Ihrer pers\u00f6nlichen Daten sehr ernst. Wir behandeln Ihre personenbezogenen Daten vertraulich und entsprechend der gesetzlichen Datenschutzvorschriften sowie dieser Datenschutzerkl\u00e4rung. Die Nutzung unserer Webseite ist in der Regel ohne Angabe personenbezogener Daten m\u00f6glich. Soweit auf unseren Seiten personenbezogene Daten (beispielsweise Name, Anschrift oder E-Mail-Adressen) erhoben werden, erfolgt dies, [&hellip;]<\/p>\n","protected":false},"author":1,"featured_media":0,"parent":0,"menu_order":0,"comment_status":"closed","ping_status":"closed","template":"","meta":[],"_links":{"self":[{"href":"https:\/\/beatecoym.de\/index.php\/wp-json\/wp\/v2\/pages\/5854"}],"collection":[{"href":"https:\/\/beatecoym.de\/index.php\/wp-json\/wp\/v2\/pages"}],"about":[{"href":"https:\/\/beatecoym.de\/index.php\/wp-json\/wp\/v2\/types\/page"}],"author":[{"embeddable":true,"href":"https:\/\/beatecoym.de\/index.php\/wp-json\/wp\/v2\/users\/1"}],"replies":[{"embeddable":true,"href":"https:\/\/beatecoym.de\/index.php\/wp-json\/wp\/v2\/comments?post=5854"}],"version-history":[{"count":5,"href":"https:\/\/beatecoym.de\/index.php\/wp-json\/wp\/v2\/pages\/5854\/revisions"}],"predecessor-version":[{"id":5867,"href":"https:\/\/beatecoym.de\/index.php\/wp-json\/wp\/v2\/pages\/5854\/revisions\/5867"}],"wp:attachment":[{"href":"https:\/\/beatecoym.de\/index.php\/wp-json\/wp\/v2\/media?parent=5854"}],"curies":[{"name":"wp","href":"https:\/\/api.w.org\/{rel}","templated":true}]}}